{"id":447,"date":"2015-06-01T11:49:32","date_gmt":"2015-06-01T11:49:32","guid":{"rendered":"http:\/\/luisaranasagasta.com\/origenes-luis-arana-sagasta\/"},"modified":"2022-05-25T07:40:37","modified_gmt":"2022-05-25T05:40:37","slug":"origens-sagasta","status":"publish","type":"page","link":"http:\/\/luisaranasagasta.com\/ca\/origens-sagasta\/","title":{"rendered":"Or\u00edgens"},"content":{"rendered":"<p>[spb_row element_name=&#8221;Row&#8221; wrap_type=&#8221;content-width&#8221; parallax_image_height=&#8221;content-height&#8221; parallax_image_movement=&#8221;fixed&#8221; parallax_image_speed=&#8221;0.5&#8243; bg_video_loop=&#8221;yes&#8221; parallax_video_height=&#8221;window-height&#8221; parallax_video_overlay=&#8221;none&#8221; row_overlay_opacity=&#8221;0&#8243; row_col_pos=&#8221;default&#8221; width=&#8221;1\/1&#8243; el_position=&#8221;first last&#8221;] [spb_text_block animation=&#8221;none&#8221; animation_delay=&#8221;0&#8243; simplified_controls=&#8221;yes&#8221; custom_css_percentage=&#8221;no&#8221; padding_vertical=&#8221;0&#8243; padding_horizontal=&#8221;0&#8243; margin_vertical=&#8221;0&#8243; custom_css=&#8221;margin-top: 0px;margin-bottom: 0px;&#8221; border_size=&#8221;0&#8243; border_styling_global=&#8221;default&#8221; width=&#8221;1\/1&#8243; el_position=&#8221;first last&#8221;]<\/p>\n<p><strong>Sagasta\u00a0<\/strong>(Luis Arana\u00a0Sagasta, 3 d&#8217;agost de 1929).<\/p>\n<p>[\/spb_text_block] [\/spb_row] [spb_column col_sm=&#8221;6&#8243; padding_horizontal=&#8221;0&#8243; width=&#8221;1\/2&#8243; el_position=&#8221;first&#8221;] [spb_blank_spacer height=&#8221;4px&#8221; width=&#8221;1\/1&#8243; el_position=&#8221;first last&#8221;] [spb_image image=&#8221;425&#8243; image_size=&#8221;full&#8221; image_width=&#8221;600&#8243; frame=&#8221;noframe&#8221; caption_pos=&#8221;hover&#8221; remove_rounded=&#8221;yes&#8221; fullwidth=&#8221;no&#8221; overflow_mode=&#8221;none&#8221; link_target=&#8221;_self&#8221; lightbox=&#8221;yes&#8221; intro_animation=&#8221;none&#8221; animation_delay=&#8221;200&#8243; width=&#8221;1\/1&#8243; el_position=&#8221;first last&#8221;][\/spb_image] [spb_text_block animation=&#8221;none&#8221; animation_delay=&#8221;0&#8243; simplified_controls=&#8221;yes&#8221; custom_css_percentage=&#8221;no&#8221; padding_vertical=&#8221;0&#8243; padding_horizontal=&#8221;0&#8243; margin_vertical=&#8221;0&#8243; custom_css=&#8221;margin-top: 0px;margin-bottom: 0px;&#8221; border_size=&#8221;0&#8243; border_styling_global=&#8221;default&#8221; width=&#8221;1\/1&#8243; el_position=&#8221;first last&#8221;]<\/p>\n<h5>Fill de <strong>Lucio Arana\u00a0Beuva\u00a0<\/strong>(Irun\u00a01896) i de <strong>Juana Sagasta Gald\u00f3s<\/strong> (Arrasate-Mondragon\u00a01906). Per part de pare n\u00e9t de <strong>C\u00e1ndido Arana<\/strong> (Navascues)\u00a0i de\u00a0<strong>Gertrudis\u00a0Beuva\u00a0<\/strong>(Donostia-Sant\u00a0Sebasti\u00e0) i, per part de mare n\u00e9t d&#8217;<strong>Eusebio\u00a0Sagasta\u00a0<\/strong>(Arrasate-*Mondrag\u00f3n)\u00a0<strong>conegut com\u00a0Olatxo\u00a0<\/strong>(nom del caseriu del barri de\u00a0Musakola)\u00a0i de <strong>Juliana\u00a0Gald\u00f3s<\/strong> (O\u00f1ati).<\/h5>\n<p><strong>* Nebot\u00a0de Juli\u00e1n\u00a0Sagasta\u00a0Gald\u00f3s\u00a0<\/strong>(Arrasate-Mondragon 1914)<\/p>\n<p>[\/spb_text_block] [spb_blank_spacer height=&#8221;6px&#8221; width=&#8221;1\/1&#8243; el_position=&#8221;first last&#8221;] [\/spb_column] [spb_column col_sm=&#8221;6&#8243; padding_horizontal=&#8221;0&#8243; width=&#8221;1\/2&#8243; el_position=&#8221;last&#8221;] [spb_text_block animation=&#8221;none&#8221; animation_delay=&#8221;0&#8243; simplified_controls=&#8221;yes&#8221; custom_css_percentage=&#8221;no&#8221; padding_vertical=&#8221;0&#8243; padding_horizontal=&#8221;0&#8243; margin_vertical=&#8221;0&#8243; custom_css=&#8221;margin-top: 0px;margin-bottom: 0px;&#8221; border_size=&#8221;0&#8243; border_styling_global=&#8221;default&#8221; width=&#8221;1\/1&#8243; el_position=&#8221;first last&#8221;]<\/p>\n<p>Es va criar en el caseriu de Rodrigo de\u00a0Balzategui (O\u00f1ati, Guip\u00fascoa).<\/p>\n<p>All\u00ed va aprendre el Basc, sent el Basc el primer idioma que va con\u00e8ixer en la seva inf\u00e0ncia i durant tota la seva vida mantindria un fort vincle amb les seves arrels.<\/p>\n<p>Es va iniciar dibuixant des de nen. Pintaria les seves primeres obres i els seus primers quadres a l&#8217;oli en\u00a0O\u00f1ati\u00a0i en\u00a0Arrasate\u00a0(Mondragon). Posteriorment a Saragossa. <strong>En 1950<\/strong> (a l&#8217;edat de 21 anys) <strong>es trasllada a la ciutat de Barcelona <\/strong>amb la determinaci\u00f3 i l&#8217;objectiu de prosseguir i completar la seva formaci\u00f3 en Belles Arts. Barcelona seria la seva ciutat d&#8217;adopci i on fixaria la seva resid\u00e8ncia (durant m\u00e9s de 65 anys).<\/p>\n<p>Es va formar en m\u00fasica cl\u00e0ssica concloent els estudis de Guitarra Cl\u00e0ssica. Juli\u00e1n\u00a0Sagasta\u00a0Gald\u00f3s(\u201cl&#8217;oncle Juli\u00e1n\u201d) va ser qui li va instruir en els seus primers coneixements musicals i qui li va procurar les seves primeres partitures de\u00a0Bach\u00a0i T\u00e1rrega per a l&#8217;estudi de la guitarra cl\u00e0ssica. El vincle que li unia amb el seu oncle Juli\u00e1n va anar sempre molt intens i profund i en una de les ocasions en les quals venia de Roma a Barcelona, li va pintar un retrat.<\/p>\n<p>La Pintura i la m\u00fasica han protagonitzat la seva vida. Es va formar en ambdues disciplines. La seva necessitat an\u00edmica d&#8217;adquirir, ampliar i millorar els coneixements art\u00edstics i t\u00e8cnics li va portar a buscar bons mestres, gr\u00e0cies als quals va estudiar, va aprendre, va desenvolupar i va evolucionar per crear la seva obra, amb enorme talent, for\u00e7a i personalitat.<\/p>\n<p>[\/spb_text_block] [\/spb_column] [spb_column col_animation=&#8221;none&#8221; col_animation_delay=&#8221;0&#8243; col_bg_type=&#8221;cover&#8221; col_parallax_image_movement=&#8221;fixed&#8221; col_parallax_image_speed=&#8221;0.5&#8243; col_padding=&#8221;0&#8243; col_vertical_offset=&#8221;-30&#8243; col_horizontal_offset=&#8221;0&#8243; col_custom_zindex=&#8221;0&#8243; col_sm=&#8221;6&#8243; simplified_controls=&#8221;yes&#8221; custom_css_percentage=&#8221;no&#8221; padding_vertical=&#8221;0&#8243; padding_horizontal=&#8221;0&#8243; margin_vertical=&#8221;0&#8243; custom_css=&#8221;margin-top: 0px;margin-bottom: 0px;&#8221; border_styling_global=&#8221;default&#8221; width=&#8221;1\/2&#8243; el_position=&#8221;first last&#8221;] [spb_text_block animation=&#8221;none&#8221; animation_delay=&#8221;0&#8243; simplified_controls=&#8221;yes&#8221; custom_css_percentage=&#8221;no&#8221; padding_vertical=&#8221;0&#8243; padding_horizontal=&#8221;0&#8243; margin_vertical=&#8221;0&#8243; custom_css=&#8221;margin-top: 0px;margin-bottom: 0px;&#8221; border_size=&#8221;0&#8243; border_styling_global=&#8221;default&#8221; width=&#8221;1\/1&#8243; el_position=&#8221;first last&#8221;]<\/p>\n<h5><strong>Juli\u00e1n\u00a0Sagasta\u00a0Gald\u00f3s\u00a0<\/strong>(\u201cl&#8217;oncle Juli\u00e1n\u201d) va ser <strong>l&#8217;organista titular<\/strong> de la <strong>Bas\u00edlica de Santa Maria la\u00a0Maggiore\u00a0a Roma <\/strong>durant gaireb\u00e9 <strong>30 anys.<br \/>\n<\/strong>El <strong>29 de maig<\/strong> de <strong>1954 <\/strong>(amb 40 anys<strong>) Julian\u00a0Sagasta\u00a0va ser l&#8217;organista<\/strong> triat per tocar l&#8217;\u00f2rgan en <strong>la cerim\u00f2nia de la canonitzaci\u00f3 de\u00a0Pio\u00a0X.<br \/>\n<\/strong><strong>El Papa\u00a0Pio\u00a0XII<\/strong> el va sol\u00b7licitar a <strong>Juli\u00e1n\u00a0Sagasta\u00a0<\/strong>perqu\u00e8 <strong>inaugur\u00e9s el nou \u00f2rgan de la capella de Sant\u00a0Pio\u00a0X al Vatic\u00e0<\/strong>; el major \u00f2rgan d&#8217;It\u00e0lia (compta amb 16.000 tubs i 5 teclats).<br \/>\n<strong>Juli\u00e1n\u00a0Sagasta\u00a0<\/strong>tamb\u00e9 va ser el triat per actuar en la <strong>cerim\u00f2nia en la qual Juan\u00a0XXIII\u00a0va ser nomenat Bisbe de Roma<\/strong> (t\u00edtol que ostenten nom\u00e9s els Papes) en la <strong>Bas\u00edlica de Sant Joan de\u00a0Letr\u00e1n.<br \/>\n<\/strong><strong>Julian\u00a0Sagasta\u00a0<\/strong>va deixar gran empremta <strong>al Vatic\u00e0 durant les sessions del Concili Vatic\u00e0 II <\/strong>sent requerit com a organista titular de Sant Pere a Roma <strong>durant els 3 anys del Concili II.<br \/>\n<\/strong>Al <strong>desembre<\/strong> de <strong>1985 <\/strong>el <strong>Papa Juan Pablo II<\/strong> amb motiu de la <strong>visita Pastoral, va acudir a la parr\u00f2quia en la qual Juli\u00e1n\u00a0Sagasta\u00a0era el rector i organista<\/strong>. En la visita, <strong>Juan Pablo II va ser obsequiat<\/strong>, mitjan\u00e7ant <strong>l&#8217;Abat General<\/strong> Don Emilio\u00a0Dunoyer\u00a0i en nom de la <strong>Congregaci\u00f3 dels Canonges Regulars\u00a0Lateranenses\u00a0<\/strong>amb <strong>els 2 volums i un disc editat de Pablo\u00a0Bruna\u00a0<\/strong>(<strong>gr\u00e0cies als estudis de<\/strong> <strong>documentaci\u00f3 i recopilaci\u00f3 realitzats i interpretats per Juli\u00e1n\u00a0Sagasta<\/strong>).<br \/>\n<strong>En 1989 el Papa Juan Pablo II li atorga a Juli\u00e1n\u00a0Sagasta\u00a0Gald\u00f3s\u00a0la medalla \u201cPro\u00a0Ecclesia\u00a0etPontifiqui\u201d amb motiu de la seva jubilaci\u00f3 com a organista de Santa Maria la\u00a0Maggiore.<br \/>\n<\/strong>Va ser guardonat amb 2 Premis Nacionals en 1984 i en 1987, atorgats pel Ministeri de Cultura, Uni\u00f3 Musical Espanyola.<\/h5>\n<p>[\/spb_text_block] [\/spb_column]<\/p>\n","protected":false},"excerpt":{"rendered":"<p>[spb_row element_name=&#8221;Row&#8221; wrap_type=&#8221;content-width&#8221; parallax_image_height=&#8221;content-height&#8221; parallax_image_movement=&#8221;fixed&#8221; parallax_image_speed=&#8221;0.5&#8243; bg_video_loop=&#8221;yes&#8221; parallax_video_height=&#8221;window-height&#8221; parallax_video_overlay=&#8221;none&#8221; row_overlay_opacity=&#8221;0&#8243; row_col_pos=&#8221;default&#8221; width=&#8221;1\/1&#8243; el_position=&#8221;first last&#8221;] [spb_text_block animation=&#8221;none&#8221; animation_delay=&#8221;0&#8243; simplified_controls=&#8221;yes&#8221; custom_css_percentage=&#8221;no&#8221; padding_vertical=&#8221;0&#8243; padding_horizontal=&#8221;0&#8243; margin_vertical=&#8221;0&#8243; custom_css=&#8221;margin-top: 0px;margin-bottom: 0px;&#8221; border_size=&#8221;0&#8243; border_styling_global=&#8221;default&#8221; width=&#8221;1\/1&#8243; el_position=&#8221;first last&#8221;] Sagasta\u00a0(Luis Arana\u00a0Sagasta, 3 d&#8217;agost de 1929). [\/spb_text_block] [\/spb_row] [spb_column col_sm=&#8221;6&#8243; padding_horizontal=&#8221;0&#8243; width=&#8221;1\/2&#8243; el_position=&#8221;first&#8221;] [spb_blank_spacer height=&#8221;4px&#8221; width=&#8221;1\/1&#8243; el_position=&#8221;first last&#8221;] [spb_image image=&#8221;425&#8243; image_size=&#8221;full&#8221; image_width=&#8221;600&#8243; frame=&#8221;noframe&#8221; caption_pos=&#8221;hover&#8221; remove_rounded=&#8221;yes&#8221; fullwidth=&#8221;no&#8221; overflow_mode=&#8221;none&#8221; link_target=&#8221;_self&#8221; lightbox=&#8221;yes&#8221; intro_animation=&#8221;none&#8221; [&hellip;]<\/p>\n","protected":false},"author":1,"featured_media":0,"parent":0,"menu_order":0,"comment_status":"closed","ping_status":"closed","template":"","meta":{"footnotes":""},"class_list":["post-447","page","type-page","status-publish","hentry"],"yoast_head":"<!-- This site is optimized with the Yoast SEO plugin v27.4 - https:\/\/yoast.com\/product\/yoast-seo-wordpress\/ -->\n<title>Or\u00edgens - Luis Arana Sagasta<\/title>\n<meta name=\"robots\" content=\"index, follow, max-snippet:-1, max-image-preview:large, max-video-preview:-1\" \/>\n<link rel=\"canonical\" href=\"http:\/\/luisaranasagasta.com\/ca\/origens-sagasta\/\" \/>\n<meta property=\"og:locale\" content=\"ca_ES\" \/>\n<meta property=\"og:type\" content=\"article\" \/>\n<meta property=\"og:title\" content=\"Or\u00edgens - Luis Arana Sagasta\" \/>\n<meta property=\"og:description\" content=\"[spb_row element_name=&#8221;Row&#8221; wrap_type=&#8221;content-width&#8221; parallax_image_height=&#8221;content-height&#8221; parallax_image_movement=&#8221;fixed&#8221; parallax_image_speed=&#8221;0.5&#8243; bg_video_loop=&#8221;yes&#8221; parallax_video_height=&#8221;window-height&#8221; parallax_video_overlay=&#8221;none&#8221; row_overlay_opacity=&#8221;0&#8243; row_col_pos=&#8221;default&#8221; width=&#8221;1\/1&#8243; el_position=&#8221;first last&#8221;] [spb_text_block animation=&#8221;none&#8221; animation_delay=&#8221;0&#8243; simplified_controls=&#8221;yes&#8221; custom_css_percentage=&#8221;no&#8221; padding_vertical=&#8221;0&#8243; padding_horizontal=&#8221;0&#8243; margin_vertical=&#8221;0&#8243; custom_css=&#8221;margin-top: 0px;margin-bottom: 0px;&#8221; border_size=&#8221;0&#8243; border_styling_global=&#8221;default&#8221; width=&#8221;1\/1&#8243; el_position=&#8221;first last&#8221;] Sagasta\u00a0(Luis Arana\u00a0Sagasta, 3 d&#8217;agost de 1929). [\/spb_text_block] [\/spb_row] [spb_column col_sm=&#8221;6&#8243; padding_horizontal=&#8221;0&#8243; width=&#8221;1\/2&#8243; el_position=&#8221;first&#8221;] [spb_blank_spacer height=&#8221;4px&#8221; width=&#8221;1\/1&#8243; el_position=&#8221;first last&#8221;] [spb_image image=&#8221;425&#8243; image_size=&#8221;full&#8221; image_width=&#8221;600&#8243; frame=&#8221;noframe&#8221; caption_pos=&#8221;hover&#8221; remove_rounded=&#8221;yes&#8221; fullwidth=&#8221;no&#8221; overflow_mode=&#8221;none&#8221; link_target=&#8221;_self&#8221; lightbox=&#8221;yes&#8221; intro_animation=&#8221;none&#8221; [&hellip;]\" \/>\n<meta property=\"og:url\" content=\"http:\/\/luisaranasagasta.com\/ca\/origens-sagasta\/\" \/>\n<meta property=\"og:site_name\" content=\"Luis Arana Sagasta\" \/>\n<meta property=\"article:modified_time\" content=\"2022-05-25T05:40:37+00:00\" \/>\n<meta name=\"twitter:card\" content=\"summary_large_image\" \/>\n<meta name=\"twitter:label1\" content=\"Temps estimat de lectura\" \/>\n\t<meta name=\"twitter:data1\" content=\"5 minuts\" \/>\n<script type=\"application\/ld+json\" class=\"yoast-schema-graph\">{\"@context\":\"https:\\\/\\\/schema.org\",\"@graph\":[{\"@type\":\"WebPage\",\"@id\":\"http:\\\/\\\/luisaranasagasta.com\\\/ca\\\/origens-sagasta\\\/\",\"url\":\"http:\\\/\\\/luisaranasagasta.com\\\/ca\\\/origens-sagasta\\\/\",\"name\":\"Or\u00edgens - Luis Arana Sagasta\",\"isPartOf\":{\"@id\":\"http:\\\/\\\/luisaranasagasta.com\\\/#website\"},\"datePublished\":\"2015-06-01T11:49:32+00:00\",\"dateModified\":\"2022-05-25T05:40:37+00:00\",\"breadcrumb\":{\"@id\":\"http:\\\/\\\/luisaranasagasta.com\\\/ca\\\/origens-sagasta\\\/#breadcrumb\"},\"inLanguage\":\"ca\",\"potentialAction\":[{\"@type\":\"ReadAction\",\"target\":[\"http:\\\/\\\/luisaranasagasta.com\\\/ca\\\/origens-sagasta\\\/\"]}]},{\"@type\":\"BreadcrumbList\",\"@id\":\"http:\\\/\\\/luisaranasagasta.com\\\/ca\\\/origens-sagasta\\\/#breadcrumb\",\"itemListElement\":[{\"@type\":\"ListItem\",\"position\":1,\"name\":\"Portada\",\"item\":\"http:\\\/\\\/luisaranasagasta.com\\\/ca\\\/\"},{\"@type\":\"ListItem\",\"position\":2,\"name\":\"Or\u00edgens\"}]},{\"@type\":\"WebSite\",\"@id\":\"http:\\\/\\\/luisaranasagasta.com\\\/#website\",\"url\":\"http:\\\/\\\/luisaranasagasta.com\\\/\",\"name\":\"Luis Arana Sagasta\",\"description\":\"\",\"potentialAction\":[{\"@type\":\"SearchAction\",\"target\":{\"@type\":\"EntryPoint\",\"urlTemplate\":\"http:\\\/\\\/luisaranasagasta.com\\\/?s={search_term_string}\"},\"query-input\":{\"@type\":\"PropertyValueSpecification\",\"valueRequired\":true,\"valueName\":\"search_term_string\"}}],\"inLanguage\":\"ca\"}]}<\/script>\n<!-- \/ Yoast SEO plugin. -->","yoast_head_json":{"title":"Or\u00edgens - Luis Arana Sagasta","robots":{"index":"index","follow":"follow","max-snippet":"max-snippet:-1","max-image-preview":"max-image-preview:large","max-video-preview":"max-video-preview:-1"},"canonical":"http:\/\/luisaranasagasta.com\/ca\/origens-sagasta\/","og_locale":"ca_ES","og_type":"article","og_title":"Or\u00edgens - Luis Arana Sagasta","og_description":"[spb_row element_name=&#8221;Row&#8221; wrap_type=&#8221;content-width&#8221; parallax_image_height=&#8221;content-height&#8221; parallax_image_movement=&#8221;fixed&#8221; parallax_image_speed=&#8221;0.5&#8243; bg_video_loop=&#8221;yes&#8221; parallax_video_height=&#8221;window-height&#8221; parallax_video_overlay=&#8221;none&#8221; row_overlay_opacity=&#8221;0&#8243; row_col_pos=&#8221;default&#8221; width=&#8221;1\/1&#8243; el_position=&#8221;first last&#8221;] [spb_text_block animation=&#8221;none&#8221; animation_delay=&#8221;0&#8243; simplified_controls=&#8221;yes&#8221; custom_css_percentage=&#8221;no&#8221; padding_vertical=&#8221;0&#8243; padding_horizontal=&#8221;0&#8243; margin_vertical=&#8221;0&#8243; custom_css=&#8221;margin-top: 0px;margin-bottom: 0px;&#8221; border_size=&#8221;0&#8243; border_styling_global=&#8221;default&#8221; width=&#8221;1\/1&#8243; el_position=&#8221;first last&#8221;] Sagasta\u00a0(Luis Arana\u00a0Sagasta, 3 d&#8217;agost de 1929). [\/spb_text_block] [\/spb_row] [spb_column col_sm=&#8221;6&#8243; padding_horizontal=&#8221;0&#8243; width=&#8221;1\/2&#8243; el_position=&#8221;first&#8221;] [spb_blank_spacer height=&#8221;4px&#8221; width=&#8221;1\/1&#8243; el_position=&#8221;first last&#8221;] [spb_image image=&#8221;425&#8243; image_size=&#8221;full&#8221; image_width=&#8221;600&#8243; frame=&#8221;noframe&#8221; caption_pos=&#8221;hover&#8221; remove_rounded=&#8221;yes&#8221; fullwidth=&#8221;no&#8221; overflow_mode=&#8221;none&#8221; link_target=&#8221;_self&#8221; lightbox=&#8221;yes&#8221; intro_animation=&#8221;none&#8221; [&hellip;]","og_url":"http:\/\/luisaranasagasta.com\/ca\/origens-sagasta\/","og_site_name":"Luis Arana Sagasta","article_modified_time":"2022-05-25T05:40:37+00:00","twitter_card":"summary_large_image","twitter_misc":{"Temps estimat de lectura":"5 minuts"},"schema":{"@context":"https:\/\/schema.org","@graph":[{"@type":"WebPage","@id":"http:\/\/luisaranasagasta.com\/ca\/origens-sagasta\/","url":"http:\/\/luisaranasagasta.com\/ca\/origens-sagasta\/","name":"Or\u00edgens - Luis Arana Sagasta","isPartOf":{"@id":"http:\/\/luisaranasagasta.com\/#website"},"datePublished":"2015-06-01T11:49:32+00:00","dateModified":"2022-05-25T05:40:37+00:00","breadcrumb":{"@id":"http:\/\/luisaranasagasta.com\/ca\/origens-sagasta\/#breadcrumb"},"inLanguage":"ca","potentialAction":[{"@type":"ReadAction","target":["http:\/\/luisaranasagasta.com\/ca\/origens-sagasta\/"]}]},{"@type":"BreadcrumbList","@id":"http:\/\/luisaranasagasta.com\/ca\/origens-sagasta\/#breadcrumb","itemListElement":[{"@type":"ListItem","position":1,"name":"Portada","item":"http:\/\/luisaranasagasta.com\/ca\/"},{"@type":"ListItem","position":2,"name":"Or\u00edgens"}]},{"@type":"WebSite","@id":"http:\/\/luisaranasagasta.com\/#website","url":"http:\/\/luisaranasagasta.com\/","name":"Luis Arana Sagasta","description":"","potentialAction":[{"@type":"SearchAction","target":{"@type":"EntryPoint","urlTemplate":"http:\/\/luisaranasagasta.com\/?s={search_term_string}"},"query-input":{"@type":"PropertyValueSpecification","valueRequired":true,"valueName":"search_term_string"}}],"inLanguage":"ca"}]}},"_links":{"self":[{"href":"http:\/\/luisaranasagasta.com\/ca\/wp-json\/wp\/v2\/pages\/447","targetHints":{"allow":["GET"]}}],"collection":[{"href":"http:\/\/luisaranasagasta.com\/ca\/wp-json\/wp\/v2\/pages"}],"about":[{"href":"http:\/\/luisaranasagasta.com\/ca\/wp-json\/wp\/v2\/types\/page"}],"author":[{"embeddable":true,"href":"http:\/\/luisaranasagasta.com\/ca\/wp-json\/wp\/v2\/users\/1"}],"replies":[{"embeddable":true,"href":"http:\/\/luisaranasagasta.com\/ca\/wp-json\/wp\/v2\/comments?post=447"}],"version-history":[{"count":31,"href":"http:\/\/luisaranasagasta.com\/ca\/wp-json\/wp\/v2\/pages\/447\/revisions"}],"predecessor-version":[{"id":554,"href":"http:\/\/luisaranasagasta.com\/ca\/wp-json\/wp\/v2\/pages\/447\/revisions\/554"}],"wp:attachment":[{"href":"http:\/\/luisaranasagasta.com\/ca\/wp-json\/wp\/v2\/media?parent=447"}],"curies":[{"name":"wp","href":"https:\/\/api.w.org\/{rel}","templated":true}]}}